{"id":31,"date":"2014-03-23T17:46:08","date_gmt":"2014-03-23T17:46:08","guid":{"rendered":"http:\/\/iceland-photography.com\/?page_id=31"},"modified":"2015-08-07T11:57:02","modified_gmt":"2015-08-07T11:57:02","slug":"impressum","status":"publish","type":"page","link":"http:\/\/iceland-photography.com\/?page_id=31","title":{"rendered":"Impressum"},"content":{"rendered":"<p>Angaben gem\u00e4\u00df \u00a7 5 TMG:<\/p>\n<p>Tina Bauer<br \/>\nDiplom-Journalistin<br \/>\nLandhausstra\u00dfe 184<br \/>\n70188 Stuttgart<\/p>\n<p>Kontakt:<br \/>\nE-Mail: tibauna (at) gmail (dot) com<br \/>\nTelefon: 0711-93319894<br \/>\nUmsatzsteuer-ID: DE 242999721<br \/>\nUmsatzsteuer-Identifikationsnummer gem\u00e4\u00df \u00a727 a Umsatzsteuergesetz<\/p>\n<p>Verantwortlich f\u00fcr den Inhalt nach \u00a7 55 Abs. 2 RStV:<br \/>\nTina Bauer<br \/>\nLandhausstra\u00dfe 184<br \/>\n70188 Stuttgart<\/p>\n<p>Haftungsausschluss:<br \/>\nHaftung f\u00fcr Inhalte<br \/>\nDie Inhalte unserer Seiten wurden mit gr\u00f6\u00dfter Sorgfalt erstellt. F\u00fcr die Richtigkeit, Vollst\u00e4ndigkeit und Aktualit\u00e4t der Inhalte k\u00f6nnen wir jedoch keine Gew\u00e4hr \u00fcbernehmen. Als Diensteanbieter sind wir gem\u00e4\u00df \u00a7 7 Abs.1 TMG f\u00fcr eigene Inhalte auf diesen Seiten nach den allgemeinen Gesetzen verantwortlich. Nach \u00a7\u00a7 8 bis 10 TMG sind wir als Diensteanbieter jedoch nicht verpflichtet, \u00fcbermittelte oder gespeicherte fremde Informationen zu \u00fcberwachen oder nach Umst\u00e4nden zu forschen, die auf eine rechtswidrige T\u00e4tigkeit hinweisen. Verpflichtungen zur Entfernung oder Sperrung der Nutzung von Informationen nach den allgemeinen Gesetzen bleiben hiervon unber\u00fchrt. Eine diesbez\u00fcgliche Haftung ist jedoch erst ab dem Zeitpunkt der Kenntnis einer konkreten Rechtsverletzung m\u00f6glich. Bei Bekanntwerden von entsprechenden Rechtsverletzungen werden wir diese Inhalte umgehend entfernen.<\/p>\n<p>Haftung f\u00fcr Links<br \/>\nUnser Angebot enth\u00e4lt Links zu externen Webseiten Dritter, auf deren Inhalte wir keinen Einfluss haben. Deshalb k\u00f6nnen wir f\u00fcr diese fremden Inhalte auch keine Gew\u00e4hr \u00fcbernehmen. F\u00fcr die Inhalte der verlinkten Seiten ist stets der jeweilige Anbieter oder Betreiber der Seiten verantwortlich. Die verlinkten Seiten wurden zum Zeitpunkt der Verlinkung auf m\u00f6gliche Rechtsverst\u00f6\u00dfe \u00fcberpr\u00fcft. Rechtswidrige Inhalte waren zum Zeitpunkt der Verlinkung nicht erkennbar. Eine permanente inhaltliche Kontrolle der verlinkten Seiten ist jedoch ohne konkrete Anhaltspunkte einer Rechtsverletzung nicht zumutbar. Bei Bekanntwerden von Rechtsverletzungen werden wir derartige Links umgehend entfernen.<\/p>\n<p>Urheberrecht<br \/>\nDie durch die Seitenbetreiber erstellten Inhalte und Werke auf diesen Seiten unterliegen dem deutschen Urheberrecht. Die Vervielf\u00e4ltigung, Bearbeitung, Verbreitung und jede Art der Verwertung au\u00dferhalb der Grenzen des Urheberrechtes bed\u00fcrfen der schriftlichen Zustimmung des jeweiligen Autors bzw. Erstellers. Downloads und Kopien dieser Seite sind nur f\u00fcr den privaten, nicht kommerziellen Gebrauch gestattet. Soweit die Inhalte auf dieser Seite nicht vom Betreiber erstellt wurden, werden die Urheberrechte Dritter beachtet. Insbesondere werden Inhalte Dritter als solche gekennzeichnet. Sollten Sie trotzdem auf eine Urheberrechtsverletzung aufmerksam werden, bitten wir um einen entsprechenden Hinweis. Bei Bekanntwerden von Rechtsverletzungen werden wir derartige Inhalte umgehend entfernen.<\/p>\n<p>Datenschutz<br \/>\nDie Nutzung unserer Webseite ist in der Regel ohne Angabe personenbezogener Daten m\u00f6glich. Soweit auf unseren Seiten personenbezogene Daten (beispielsweise Name, Anschrift oder eMail-Adressen) erhoben werden, erfolgt dies, soweit m\u00f6glich, stets auf freiwilliger Basis. Diese Daten werden ohne Ihre ausdr\u00fcckliche Zustimmung nicht an Dritte weitergegeben.<\/p>\n<p>Wir weisen darauf hin, dass die Daten\u00fcbertragung im Internet (z.B. bei der Kommunikation per E-Mail) Sicherheitsl\u00fccken aufweisen kann. Ein l\u00fcckenloser Schutz der Daten vor dem Zugriff durch Dritte ist nicht m\u00f6glich.<\/p>\n<p>Der Nutzung von im Rahmen der Impressumspflicht ver\u00f6ffentlichten Kontaktdaten durch Dritte zur \u00dcbersendung von nicht ausdr\u00fccklich angeforderter Werbung und Informationsmaterialien wird hiermit ausdr\u00fccklich widersprochen. Die Betreiber der Seiten behalten sich ausdr\u00fccklich rechtliche Schritte im Falle der unverlangten Zusendung von Werbeinformationen, etwa durch Spam-Mails, vor.<\/p>\n<p>Datenschutzerkl\u00e4rung f\u00fcr die Nutzung von Google Analytics<br \/>\nDiese Website benutzt Google Analytics, einen Webanalysedienst der Google Inc. (&#8222;Google&#8220;). Google Analytics verwendet sog. &#8222;Cookies&#8220;, Textdateien, die auf Ihrem Computer gespeichert werden und die eine Analyse der Benutzung der Website durch Sie erm\u00f6glichen. Die durch den Cookie erzeugten Informationen \u00fcber Ihre Benutzung dieser Website werden in der Regel an einen Server von Google in den USA \u00fcbertragen und dort gespeichert. Im Falle der Aktivierung der IP-Anonymisierung auf dieser Webseite wird Ihre IP-Adresse von Google jedoch innerhalb von Mitgliedstaaten der Europ\u00e4ischen Union oder in anderen Vertragsstaaten des Abkommens \u00fcber den Europ\u00e4ischen Wirtschaftsraum zuvor gek\u00fcrzt.<\/p>\n<p>Nur in Ausnahmef\u00e4llen wird die volle IP-Adresse an einen Server von Google in den USA \u00fcbertragen und dort gek\u00fcrzt. Im Auftrag des Betreibers dieser Website wird Google diese Informationen benutzen, um Ihre Nutzung der Website auszuwerten, um Reports \u00fcber die Websiteaktivit\u00e4ten zusammenzustellen und um weitere mit der Websitenutzung und der Internetnutzung verbundene Dienstleistungen gegen\u00fcber dem Websitebetreiber zu erbringen. Die im Rahmen von Google Analytics von Ihrem Browser \u00fcbermittelte IP-Adresse wird nicht mit anderen Daten von Google zusammengef\u00fchrt.<\/p>\n<p>Sie k\u00f6nnen die Speicherung der Cookies durch eine entsprechende Einstellung Ihrer Browser-Software verhindern; wir weisen Sie jedoch darauf hin, dass Sie in diesem Fall gegebenenfalls nicht s\u00e4mtliche Funktionen dieser Website vollumf\u00e4nglich werden nutzen k\u00f6nnen. Sie k\u00f6nnen dar\u00fcber hinaus die Erfassung der durch das Cookie erzeugten und auf Ihre Nutzung der Website bezogenen Daten (inkl. Ihrer IP-Adresse) an Google sowie die Verarbeitung dieser Daten durch Google verhindern, indem sie das unter dem folgenden Link verf\u00fcgbare Browser-Plugin herunterladen und installieren: http:\/\/tools.google.com\/dlpage\/gaoptout?hl=de.<\/p>\n<p>Hinweis zum Antispam Bee Plugin<br \/>\nDie alleinige IP-Adresse des Kommentators wird in gedrehter Form an den genannten Online-Service zwecks Status-Abfrage kommuniziert. Anderweitige Daten werden weder gesendet noch gespeichert. In Blogs innerhalb der EU-L\u00e4nder darf diese Option nicht aktiviert werden, da IP-Adressen in ungek\u00fcrzter und unverschl\u00fcsselter Form \u00fcbertragen werden. Das ist technisch unvermeidbar, da Spammer-Datenbanken mit vollst\u00e4ndigen IP-Adressen arbeiten und solche zur Kommunikation auch voraussetzen.<br \/>\nImplementierung: Antispam Bee 1.7<\/p>\n<p>Verwendung von Twitter, Facebook und Google Social-Plugins<br \/>\nDiese Webseite ver\u00adwendet soge\u00adnannte Social-Plugins der sozialen Netzwerke twitter.com, facebook.com und plus.google.com, welche von den jewei\u00adligen Anbietern in den USA bereit gestellt werden. Die Plugins sind mit einem Twitter-, Google +1- oder dem Facebook Logo gekenn\u00adzeichnet. Wenn Sie eine Webseite unserer Webseite auf\u00adrufen, die ein sol\u00adches Plugin ent\u00adh\u00e4lt, baut Ihr Browser eine direkte Verbindung mit den Servern von Twitter, Google oder Facebook auf. Der Inhalt des Plugins wird von Google, Twitter oder Facebook direkt an Ihren Browser \u00fcber\u00admit\u00adtelt und von diesem in die Webseite ein\u00adge\u00adbunden. Durch die Einbindung der Plugins erh\u00e4lt Twitter, Google oder Facebook die Information, dass Sie die ent\u00adspre\u00adchende Seite dieser Webseite auf\u00adge\u00adrufen haben. Sind Sie in diesem Moment bei Facebook ein\u00adge\u00adloggt kann Facebook den Besuch Ihrem Facebook-Konto zuordnen. Wenn Sie mit einem der Plugins inter\u00adagieren, zum Beispiel den Facebook \u201cGef\u00e4llt mir\u201d Button bet\u00e4\u00adtigen oder einen Kommentar abgeben, wird die ent\u00adspre\u00adchende Information von Ihrem Browser direkt an Facebook \u00fcber\u00admit\u00adtelt und dort gespei\u00adchert. Zweck und Umfang der Datenerhebung und die wei\u00adtere Verarbeitung und Nutzung der Daten durch Twitter, Facebook oder Google sowie Ihre dies\u00adbe\u00adz\u00fcg\u00adli\u00adchen Rechte und Einstellungsm\u00f6glichkeiten zum Schutz Ihrer Privatssph\u00e4re ent\u00adnehmen Sie bitte den Datenschutzhinweisen von Twitter, Facebook oder Google. Wenn Sie nicht m\u00f6chten, dass Facebook \u00fcber dieser Webseite Daten \u00fcber Sie sam\u00admelt, m\u00fcssen Sie sich vor dem Besuch dieser Webseite bei Facebook ausloggen.<\/p>\n<p>Amazon-Partnerprogramm<br \/>\nDie Website tibauna.de ist Teilnehmer des Partnerprogramms von Amazon Europe S.\u00e0 r.l., ein Partnerwerbeprogramm, das f\u00fcr Websites kon\u00adzi\u00adpiert wurde, mit\u00adtels dessen durch die Platzierung von Werbeanzeigen und Links zu amazon.de Werbekostenerstattungen ver\u00addient werden kann.<\/p>\n<p>Quellenangaben: Disclaimer von eRecht24, dem Portal zum Internetrecht von Rechtsanwalt S\u00f6ren Siebert, Google Analytics Datenschutzerkl\u00e4rung.<\/p>\n","protected":false},"excerpt":{"rendered":"<p>Angaben gem\u00e4\u00df \u00a7 5 TMG: Tina Bauer Diplom-Journalistin Landhausstra\u00dfe 184 70188 Stuttgart Kontakt: E-Mail: tibauna (at) gmail (dot) com Telefon: 0711-93319894 Umsatzsteuer-ID: DE 242999721 Umsatzsteuer-Identifikationsnummer gem\u00e4\u00df \u00a727 a Umsatzsteuergesetz Verantwortlich f\u00fcr den Inhalt nach \u00a7 55 Abs. 2 RStV: Tina Bauer Landhausstra\u00dfe 184 70188 Stuttgart [&hellip;]<\/p>\n","protected":false},"author":1,"featured_media":0,"parent":0,"menu_order":0,"comment_status":"closed","ping_status":"closed","template":"","meta":{"footnotes":""},"_links":{"self":[{"href":"http:\/\/iceland-photography.com\/index.php?rest_route=\/wp\/v2\/pages\/31"}],"collection":[{"href":"http:\/\/iceland-photography.com\/index.php?rest_route=\/wp\/v2\/pages"}],"about":[{"href":"http:\/\/iceland-photography.com\/index.php?rest_route=\/wp\/v2\/types\/page"}],"author":[{"embeddable":true,"href":"http:\/\/iceland-photography.com\/index.php?rest_route=\/wp\/v2\/users\/1"}],"replies":[{"embeddable":true,"href":"http:\/\/iceland-photography.com\/index.php?rest_route=%2Fwp%2Fv2%2Fcomments&post=31"}],"version-history":[{"count":4,"href":"http:\/\/iceland-photography.com\/index.php?rest_route=\/wp\/v2\/pages\/31\/revisions"}],"predecessor-version":[{"id":98,"href":"http:\/\/iceland-photography.com\/index.php?rest_route=\/wp\/v2\/pages\/31\/revisions\/98"}],"wp:attachment":[{"href":"http:\/\/iceland-photography.com\/index.php?rest_route=%2Fwp%2Fv2%2Fmedia&parent=31"}],"curies":[{"name":"wp","href":"https:\/\/api.w.org\/{rel}","templated":true}]}}